{"id":2580,"date":"2026-03-29T10:29:10","date_gmt":"2026-03-29T10:29:10","guid":{"rendered":"https:\/\/iglaps.net\/nordwallmarin\/?post_type=product&#038;p=2580"},"modified":"2026-03-29T10:29:12","modified_gmt":"2026-03-29T10:29:12","slug":"vaxelhus-mercury-f80-115-4t-20-l-21l","status":"publish","type":"product","link":"https:\/\/iglaps.net\/nordwallmarin\/product\/vaxelhus-mercury-f80-115-4t-20-l-21l\/","title":{"rendered":"V\u00e4xelhus Mercury F80-115 4t 20&#8243; L 2,1l"},"content":{"rendered":"<p>V\u00e4xelhuset \u00e4r genomg\u00e5nget och defekta delar bytt. Nylackerat. OBS! Ingen garanti p\u00e5 lackjobb.<\/p>\n<p>2000:- tillkommer i stomavgift f\u00f6r ej returnerat utbyteshus<\/p>\n<p>8M0088073<\/p>\n<p>20&#8243; L CT<\/p>\n<p>2,38:1<\/p>\n","protected":false},"excerpt":{"rendered":"<p>8M0088073<\/p>\n","protected":false},"featured_media":1857,"comment_status":"open","ping_status":"closed","template":"","meta":{"_acf_changed":false},"product_brand":[],"product_cat":[249],"product_tag":[],"class_list":{"0":"post-2580","1":"product","2":"type-product","3":"status-publish","4":"has-post-thumbnail","6":"product_cat-vaxelhus-mercury","7":"product_shipping_class-vaxelhus-sv","9":"first","10":"instock","11":"shipping-taxable","12":"purchasable","13":"product-type-simple"},"acf":[],"_links":{"self":[{"href":"https:\/\/iglaps.net\/nordwallmarin\/wp-json\/wp\/v2\/product\/2580","targetHints":{"allow":["GET"]}}],"collection":[{"href":"https:\/\/iglaps.net\/nordwallmarin\/wp-json\/wp\/v2\/product"}],"about":[{"href":"https:\/\/iglaps.net\/nordwallmarin\/wp-json\/wp\/v2\/types\/product"}],"replies":[{"embeddable":true,"href":"https:\/\/iglaps.net\/nordwallmarin\/wp-json\/wp\/v2\/comments?post=2580"}],"wp:featuredmedia":[{"embeddable":true,"href":"https:\/\/iglaps.net\/nordwallmarin\/wp-json\/wp\/v2\/media\/1857"}],"wp:attachment":[{"href":"https:\/\/iglaps.net\/nordwallmarin\/wp-json\/wp\/v2\/media?parent=2580"}],"wp:term":[{"taxonomy":"product_brand","embeddable":true,"href":"https:\/\/iglaps.net\/nordwallmarin\/wp-json\/wp\/v2\/product_brand?post=2580"},{"taxonomy":"product_cat","embeddable":true,"href":"https:\/\/iglaps.net\/nordwallmarin\/wp-json\/wp\/v2\/product_cat?post=2580"},{"taxonomy":"product_tag","embeddable":true,"href":"https:\/\/iglaps.net\/nordwallmarin\/wp-json\/wp\/v2\/product_tag?post=2580"}],"curies":[{"name":"wp","href":"https:\/\/api.w.org\/{rel}","templated":true}]}}