{"id":2573,"date":"2026-03-29T10:28:58","date_gmt":"2026-03-29T10:28:58","guid":{"rendered":"https:\/\/iglaps.net\/nordwallmarin\/?post_type=product&#038;p=2573"},"modified":"2026-03-29T10:29:07","modified_gmt":"2026-03-29T10:29:07","slug":"df150-och-df175-fran-2006","status":"publish","type":"product","link":"https:\/\/iglaps.net\/nordwallmarin\/product\/df150-och-df175-fran-2006\/","title":{"rendered":"DF150 och DF175 fr\u00e5n 2006-"},"content":{"rendered":"<h2>Servicesats Suzuki 17400-96824-000<\/h2>\n<p>&nbsp;<\/p>\n<p>Servicekit med allt du beh\u00f6ver f\u00f6r att v\u00e5rda din Suzuki DF150 och DF175 fr\u00e5n 2006- eller senare. Komplettera endast med olja.<\/p>\n<p>Satsen har OEM nummer 17400-96824-000 och inneh\u00e5ller f\u00f6ljande originaldelar:<\/p>\n<ul>\n<li>1 x Reparationssats f\u00f6r vattenpump med impeller<\/li>\n<li>1 x Oljefilter<\/li>\n<li>4 x T\u00e4ndstift BKR6E<\/li>\n<li>1 x Saxpinne<\/li>\n<li>2 x Packning<\/li>\n<li>1 x Packning<\/li>\n<li>6 x Anoder<\/li>\n<li>5 x O-ringar<\/li>\n<li>1 x Br\u00e4nslefilter<\/li>\n<\/ul>\n","protected":false},"excerpt":{"rendered":"<p>Servicesats Suzuki 17400-96824-000 &nbsp; Servicekit med allt du beh\u00f6ver f\u00f6r att v\u00e5rda din Suzuki DF150 och DF175 fr\u00e5n 2006- eller senare. Komplettera endast med olja. Satsen har OEM nummer 17400-96824-000 och inneh\u00e5ller f\u00f6ljande originaldelar: 1 x Reparationssats f\u00f6r vattenpump med impeller 1 x Oljefilter 4 x T\u00e4ndstift BKR6E 1 x Saxpinne 2 x Packning 1 [&hellip;]<\/p>\n","protected":false},"featured_media":1893,"comment_status":"closed","ping_status":"closed","template":"","meta":{"_acf_changed":false},"product_brand":[],"product_cat":[259],"product_tag":[],"class_list":{"0":"post-2573","1":"product","2":"type-product","3":"status-publish","4":"has-post-thumbnail","6":"product_cat-suzuki-servicekit","8":"first","9":"instock","10":"shipping-taxable","11":"purchasable","12":"product-type-simple"},"acf":[],"_links":{"self":[{"href":"https:\/\/iglaps.net\/nordwallmarin\/wp-json\/wp\/v2\/product\/2573","targetHints":{"allow":["GET"]}}],"collection":[{"href":"https:\/\/iglaps.net\/nordwallmarin\/wp-json\/wp\/v2\/product"}],"about":[{"href":"https:\/\/iglaps.net\/nordwallmarin\/wp-json\/wp\/v2\/types\/product"}],"replies":[{"embeddable":true,"href":"https:\/\/iglaps.net\/nordwallmarin\/wp-json\/wp\/v2\/comments?post=2573"}],"wp:featuredmedia":[{"embeddable":true,"href":"https:\/\/iglaps.net\/nordwallmarin\/wp-json\/wp\/v2\/media\/1893"}],"wp:attachment":[{"href":"https:\/\/iglaps.net\/nordwallmarin\/wp-json\/wp\/v2\/media?parent=2573"}],"wp:term":[{"taxonomy":"product_brand","embeddable":true,"href":"https:\/\/iglaps.net\/nordwallmarin\/wp-json\/wp\/v2\/product_brand?post=2573"},{"taxonomy":"product_cat","embeddable":true,"href":"https:\/\/iglaps.net\/nordwallmarin\/wp-json\/wp\/v2\/product_cat?post=2573"},{"taxonomy":"product_tag","embeddable":true,"href":"https:\/\/iglaps.net\/nordwallmarin\/wp-json\/wp\/v2\/product_tag?post=2573"}],"curies":[{"name":"wp","href":"https:\/\/api.w.org\/{rel}","templated":true}]}}