{"id":2563,"date":"2026-03-29T10:28:57","date_gmt":"2026-03-29T10:28:57","guid":{"rendered":"https:\/\/iglaps.net\/nordwallmarin\/?post_type=product&#038;p=2563"},"modified":"2026-03-29T10:29:05","modified_gmt":"2026-03-29T10:29:05","slug":"df9-9-df15-fran-2011-2013","status":"publish","type":"product","link":"https:\/\/iglaps.net\/nordwallmarin\/product\/df9-9-df15-fran-2011-2013\/","title":{"rendered":"DF9.9 &#038; DF15 fr\u00e5n 2011-2013"},"content":{"rendered":"<h2>Suzuki DF9.9-DF15 Servicekit 17400-94810-000<\/h2>\n<p>&nbsp;<\/p>\n<p>Servicekit med allt du beh\u00f6ver f\u00f6r att v\u00e5rda din Suzuki DF9.9 &amp; DF15 fr\u00e5n 2011-2013. Komplettera endast med olja.<\/p>\n<p>Satsen har OEM nummer 17400-94810-000 och inneh\u00e5ller f\u00f6ljande originaldelar:<\/p>\n<ul>\n<li>1st Reparationssats vattenpump med impeller (17400-94J00-000)<\/li>\n<li>1st Hylsa vattenpump (17413-94J00-000)<\/li>\n<li>1st Saxpinne (09204-02004-000)<\/li>\n<li>2st T\u00e4ndstift CPR6EA-9 (09482-00L04-000)<\/li>\n<li>1st Oljefilter (16510-45H10-000)<\/li>\n<li>1st O-ring (09280-10013-000)<\/li>\n<li>1st Anod (55321-99E00-000)<\/li>\n<li>1st Anod (55321-90L00-000)<\/li>\n<li>1st Packning (09168-12017-000)<\/li>\n<li>2st Packning (09168-10022-000)<\/li>\n<li>1st Br\u00e4nslefilter (15410-98500-000)<\/li>\n<\/ul>\n","protected":false},"excerpt":{"rendered":"<p>Suzuki DF9.9-DF15 Servicekit 17400-94810-000 &nbsp; Servicekit med allt du beh\u00f6ver f\u00f6r att v\u00e5rda din Suzuki DF9.9 &amp; DF15 fr\u00e5n 2011-2013. Komplettera endast med olja. Satsen har OEM nummer 17400-94810-000 och inneh\u00e5ller f\u00f6ljande originaldelar: 1st Reparationssats vattenpump med impeller (17400-94J00-000) 1st Hylsa vattenpump (17413-94J00-000) 1st Saxpinne (09204-02004-000) 2st T\u00e4ndstift CPR6EA-9 (09482-00L04-000) 1st Oljefilter (16510-45H10-000) 1st O-ring [&hellip;]<\/p>\n","protected":false},"featured_media":1893,"comment_status":"closed","ping_status":"closed","template":"","meta":{"_acf_changed":false},"product_brand":[],"product_cat":[259],"product_tag":[],"class_list":{"0":"post-2563","1":"product","2":"type-product","3":"status-publish","4":"has-post-thumbnail","6":"product_cat-suzuki-servicekit","8":"first","9":"instock","10":"shipping-taxable","11":"purchasable","12":"product-type-simple"},"acf":[],"_links":{"self":[{"href":"https:\/\/iglaps.net\/nordwallmarin\/wp-json\/wp\/v2\/product\/2563","targetHints":{"allow":["GET"]}}],"collection":[{"href":"https:\/\/iglaps.net\/nordwallmarin\/wp-json\/wp\/v2\/product"}],"about":[{"href":"https:\/\/iglaps.net\/nordwallmarin\/wp-json\/wp\/v2\/types\/product"}],"replies":[{"embeddable":true,"href":"https:\/\/iglaps.net\/nordwallmarin\/wp-json\/wp\/v2\/comments?post=2563"}],"wp:featuredmedia":[{"embeddable":true,"href":"https:\/\/iglaps.net\/nordwallmarin\/wp-json\/wp\/v2\/media\/1893"}],"wp:attachment":[{"href":"https:\/\/iglaps.net\/nordwallmarin\/wp-json\/wp\/v2\/media?parent=2563"}],"wp:term":[{"taxonomy":"product_brand","embeddable":true,"href":"https:\/\/iglaps.net\/nordwallmarin\/wp-json\/wp\/v2\/product_brand?post=2563"},{"taxonomy":"product_cat","embeddable":true,"href":"https:\/\/iglaps.net\/nordwallmarin\/wp-json\/wp\/v2\/product_cat?post=2563"},{"taxonomy":"product_tag","embeddable":true,"href":"https:\/\/iglaps.net\/nordwallmarin\/wp-json\/wp\/v2\/product_tag?post=2563"}],"curies":[{"name":"wp","href":"https:\/\/api.w.org\/{rel}","templated":true}]}}