{"id":2561,"date":"2026-03-29T10:28:57","date_gmt":"2026-03-29T10:28:57","guid":{"rendered":"https:\/\/iglaps.net\/nordwallmarin\/?post_type=product&#038;p=2561"},"modified":"2026-03-29T10:29:04","modified_gmt":"2026-03-29T10:29:04","slug":"df8a-och-df9-9a-fran-2010","status":"publish","type":"product","link":"https:\/\/iglaps.net\/nordwallmarin\/product\/df8a-och-df9-9a-fran-2010\/","title":{"rendered":"DF8A och DF9.9A fr\u00e5n 2010-"},"content":{"rendered":"<h2>Suzuki DF8-DF9.9 Servicekit 17400-99841-000<\/h2>\n<p>&nbsp;<\/p>\n<p>Servicekit med allt du beh\u00f6ver f\u00f6r att v\u00e5rda din Suzuki DF8A och DF9.9A fr\u00e5n 2010- eller senare. Komplettera endast med olja.<\/p>\n<p>Satsen har OEM nummer 17400-99841-000 och inneh\u00e5ller f\u00f6ljande originaldelar:<\/p>\n<ul>\n<li>1 x Reparationssats f\u00f6r vattenpump med impeller (17400-99J01-000)<\/li>\n<li>1 x Saxpinne propeller (09204-02004-000)<\/li>\n<li>2 x T\u00e4ndstift CPR6E-9 (09482-00528-000)<\/li>\n<li>1 x Oljefilter (16510-45H10-000)<\/li>\n<li>1 x O-ring (09280-13004-000)<\/li>\n<li>1 x O-ring (09280-54001-000)<\/li>\n<li>1 x O-ring (09280-22019-000)<\/li>\n<li>2 x Anoder (55321-87J00-000)<\/li>\n<li>1 x Packning (09168-12017-000)<\/li>\n<li>2 x Oljepluggst\u00e4tningar (59178-97J00-000)<\/li>\n<li>1 x Hylsa f\u00f6r vattenpumphus (17413-94J00)<\/li>\n<li>1 x Br\u00e4nslefilter (15410-98500-000)<\/li>\n<\/ul>\n","protected":false},"excerpt":{"rendered":"<p>Suzuki DF8-DF9.9 Servicekit 17400-99841-000 &nbsp; Servicekit med allt du beh\u00f6ver f\u00f6r att v\u00e5rda din Suzuki DF8A och DF9.9A fr\u00e5n 2010- eller senare. Komplettera endast med olja. Satsen har OEM nummer 17400-99841-000 och inneh\u00e5ller f\u00f6ljande originaldelar: 1 x Reparationssats f\u00f6r vattenpump med impeller (17400-99J01-000) 1 x Saxpinne propeller (09204-02004-000) 2 x T\u00e4ndstift CPR6E-9 (09482-00528-000) 1 x [&hellip;]<\/p>\n","protected":false},"featured_media":1893,"comment_status":"closed","ping_status":"closed","template":"","meta":{"_acf_changed":false},"product_brand":[],"product_cat":[259],"product_tag":[],"class_list":{"0":"post-2561","1":"product","2":"type-product","3":"status-publish","4":"has-post-thumbnail","6":"product_cat-suzuki-servicekit","8":"first","9":"instock","10":"shipping-taxable","11":"purchasable","12":"product-type-simple"},"acf":[],"_links":{"self":[{"href":"https:\/\/iglaps.net\/nordwallmarin\/wp-json\/wp\/v2\/product\/2561","targetHints":{"allow":["GET"]}}],"collection":[{"href":"https:\/\/iglaps.net\/nordwallmarin\/wp-json\/wp\/v2\/product"}],"about":[{"href":"https:\/\/iglaps.net\/nordwallmarin\/wp-json\/wp\/v2\/types\/product"}],"replies":[{"embeddable":true,"href":"https:\/\/iglaps.net\/nordwallmarin\/wp-json\/wp\/v2\/comments?post=2561"}],"wp:featuredmedia":[{"embeddable":true,"href":"https:\/\/iglaps.net\/nordwallmarin\/wp-json\/wp\/v2\/media\/1893"}],"wp:attachment":[{"href":"https:\/\/iglaps.net\/nordwallmarin\/wp-json\/wp\/v2\/media?parent=2561"}],"wp:term":[{"taxonomy":"product_brand","embeddable":true,"href":"https:\/\/iglaps.net\/nordwallmarin\/wp-json\/wp\/v2\/product_brand?post=2561"},{"taxonomy":"product_cat","embeddable":true,"href":"https:\/\/iglaps.net\/nordwallmarin\/wp-json\/wp\/v2\/product_cat?post=2561"},{"taxonomy":"product_tag","embeddable":true,"href":"https:\/\/iglaps.net\/nordwallmarin\/wp-json\/wp\/v2\/product_tag?post=2561"}],"curies":[{"name":"wp","href":"https:\/\/api.w.org\/{rel}","templated":true}]}}