{"id":2538,"date":"2026-03-29T10:28:43","date_gmt":"2026-03-29T10:28:43","guid":{"rendered":"https:\/\/iglaps.net\/nordwallmarin\/?post_type=product&#038;p=2538"},"modified":"2026-03-29T10:28:51","modified_gmt":"2026-03-29T10:28:51","slug":"df40a-df50a-df60a-2010","status":"publish","type":"product","link":"https:\/\/iglaps.net\/nordwallmarin\/product\/df40a-df50a-df60a-2010\/","title":{"rendered":"DF40A, DF50A &#038; DF60A (2010-)"},"content":{"rendered":"<p>#17400-88813-000<\/p>\n<p>Marine servicekit<\/p>\n<p>MODEL # <strong>DF40A, DF50A &amp; DF60A (2010-)<\/strong><\/p>\n<ul>\n<li>1 x Reparationssats f\u00f6r vattenpump med impeller (17400-88L00-000)<\/li>\n<li>1 x Br\u00e4nslefilter (15410-88L00-000)<\/li>\n<li>1 x Oljefilter (16510-87J00-000)<\/li>\n<li>3 x Anoder (55321-87J00-000)<\/li>\n<li>2 x Bakre oljepluggst\u00e4tningar (09168-10022-000)<\/li>\n<li>1 x Oljepluggst\u00e4tning (09168-12012-000)<\/li>\n<li>1 x Propellersprint (09204-03003-000)<\/li>\n<li>1 x O-ring (09280-22019-000)<\/li>\n<li>3 x T\u00e4ndstift NGK DCPR6E (09482-00446-000)<\/li>\n<\/ul>\n","protected":false},"excerpt":{"rendered":"<p>#17400-88813-000 Marine servicekit MODEL # DF40A, DF50A &amp; DF60A (2010-) 1 x Reparationssats f\u00f6r vattenpump med impeller (17400-88L00-000) 1 x Br\u00e4nslefilter (15410-88L00-000) 1 x Oljefilter (16510-87J00-000) 3 x Anoder (55321-87J00-000) 2 x Bakre oljepluggst\u00e4tningar (09168-10022-000) 1 x Oljepluggst\u00e4tning (09168-12012-000) 1 x Propellersprint (09204-03003-000) 1 x O-ring (09280-22019-000) 3 x T\u00e4ndstift NGK DCPR6E (09482-00446-000)<\/p>\n","protected":false},"featured_media":1893,"comment_status":"closed","ping_status":"closed","template":"","meta":{"_acf_changed":false},"product_brand":[],"product_cat":[259],"product_tag":[],"class_list":{"0":"post-2538","1":"product","2":"type-product","3":"status-publish","4":"has-post-thumbnail","6":"product_cat-suzuki-servicekit","8":"first","9":"instock","10":"shipping-taxable","11":"purchasable","12":"product-type-simple"},"acf":[],"_links":{"self":[{"href":"https:\/\/iglaps.net\/nordwallmarin\/wp-json\/wp\/v2\/product\/2538","targetHints":{"allow":["GET"]}}],"collection":[{"href":"https:\/\/iglaps.net\/nordwallmarin\/wp-json\/wp\/v2\/product"}],"about":[{"href":"https:\/\/iglaps.net\/nordwallmarin\/wp-json\/wp\/v2\/types\/product"}],"replies":[{"embeddable":true,"href":"https:\/\/iglaps.net\/nordwallmarin\/wp-json\/wp\/v2\/comments?post=2538"}],"wp:featuredmedia":[{"embeddable":true,"href":"https:\/\/iglaps.net\/nordwallmarin\/wp-json\/wp\/v2\/media\/1893"}],"wp:attachment":[{"href":"https:\/\/iglaps.net\/nordwallmarin\/wp-json\/wp\/v2\/media?parent=2538"}],"wp:term":[{"taxonomy":"product_brand","embeddable":true,"href":"https:\/\/iglaps.net\/nordwallmarin\/wp-json\/wp\/v2\/product_brand?post=2538"},{"taxonomy":"product_cat","embeddable":true,"href":"https:\/\/iglaps.net\/nordwallmarin\/wp-json\/wp\/v2\/product_cat?post=2538"},{"taxonomy":"product_tag","embeddable":true,"href":"https:\/\/iglaps.net\/nordwallmarin\/wp-json\/wp\/v2\/product_tag?post=2538"}],"curies":[{"name":"wp","href":"https:\/\/api.w.org\/{rel}","templated":true}]}}