{"id":2530,"date":"2026-03-29T10:28:42","date_gmt":"2026-03-29T10:28:42","guid":{"rendered":"https:\/\/iglaps.net\/nordwallmarin\/?post_type=product&#038;p=2530"},"modified":"2026-03-29T10:28:48","modified_gmt":"2026-03-29T10:28:48","slug":"vaxelhus-mercury-200-275-4t-verado-xxlang-185","status":"publish","type":"product","link":"https:\/\/iglaps.net\/nordwallmarin\/product\/vaxelhus-mercury-200-275-4t-verado-xxlang-185\/","title":{"rendered":"V\u00e4xelhus Mercury 200-275 4t Verado XXL\u00e5ng 1,85"},"content":{"rendered":"<p>V\u00e4xelhuset \u00e4r genomg\u00e5nget och defekta delar bytt. Nylackerat. OBS! Ingen garanti p\u00e5 lackjobb.<\/p>\n<p>3000:- tillkommer i stomavgift f\u00f6r ej returnerat utbyteshus<\/p>\n<p>11600-880686T16<\/p>\n","protected":false},"excerpt":{"rendered":"<p>1667-9011J15<\/p>\n","protected":false},"featured_media":1857,"comment_status":"open","ping_status":"closed","template":"","meta":{"_acf_changed":false},"product_brand":[],"product_cat":[249],"product_tag":[],"class_list":{"0":"post-2530","1":"product","2":"type-product","3":"status-publish","4":"has-post-thumbnail","6":"product_cat-vaxelhus-mercury","7":"product_shipping_class-vaxelhus-sv","9":"first","10":"instock","11":"shipping-taxable","12":"purchasable","13":"product-type-simple"},"acf":[],"_links":{"self":[{"href":"https:\/\/iglaps.net\/nordwallmarin\/wp-json\/wp\/v2\/product\/2530","targetHints":{"allow":["GET"]}}],"collection":[{"href":"https:\/\/iglaps.net\/nordwallmarin\/wp-json\/wp\/v2\/product"}],"about":[{"href":"https:\/\/iglaps.net\/nordwallmarin\/wp-json\/wp\/v2\/types\/product"}],"replies":[{"embeddable":true,"href":"https:\/\/iglaps.net\/nordwallmarin\/wp-json\/wp\/v2\/comments?post=2530"}],"wp:featuredmedia":[{"embeddable":true,"href":"https:\/\/iglaps.net\/nordwallmarin\/wp-json\/wp\/v2\/media\/1857"}],"wp:attachment":[{"href":"https:\/\/iglaps.net\/nordwallmarin\/wp-json\/wp\/v2\/media?parent=2530"}],"wp:term":[{"taxonomy":"product_brand","embeddable":true,"href":"https:\/\/iglaps.net\/nordwallmarin\/wp-json\/wp\/v2\/product_brand?post=2530"},{"taxonomy":"product_cat","embeddable":true,"href":"https:\/\/iglaps.net\/nordwallmarin\/wp-json\/wp\/v2\/product_cat?post=2530"},{"taxonomy":"product_tag","embeddable":true,"href":"https:\/\/iglaps.net\/nordwallmarin\/wp-json\/wp\/v2\/product_tag?post=2530"}],"curies":[{"name":"wp","href":"https:\/\/api.w.org\/{rel}","templated":true}]}}