{"id":2515,"date":"2026-03-29T10:28:29","date_gmt":"2026-03-29T10:28:29","guid":{"rendered":"https:\/\/iglaps.net\/nordwallmarin\/?post_type=product&#038;p=2515"},"modified":"2026-03-29T10:28:37","modified_gmt":"2026-03-29T10:28:37","slug":"banan-bat-yamaha-3p","status":"publish","type":"product","link":"https:\/\/iglaps.net\/nordwallmarin\/product\/banan-bat-yamaha-3p\/","title":{"rendered":"Banan b\u00e5t Yamaha 3P"},"content":{"rendered":"<p>Yamaha Shuttle 3P. En rolig banan-towable f\u00f6r TRE personer. Tack vare sin form \u00e4r den stabil och l\u00e4tt att dra.<\/p>\n<ul>\n<li>3 personer<\/li>\n<li>3 handtag<\/li>\n<\/ul>\n<div><\/div>\n","protected":false},"excerpt":{"rendered":"<p>Yamaha Shuttle 3P. En rolig banan-towable f\u00f6r TRE personer. Tack vare sin form \u00e4r den stabil och l\u00e4tt att dra. 3 personer 3 handtag<\/p>\n","protected":false},"featured_media":1859,"comment_status":"closed","ping_status":"closed","template":"","meta":{"_acf_changed":false},"product_brand":[],"product_cat":[245],"product_tag":[],"class_list":{"0":"post-2515","1":"product","2":"type-product","3":"status-publish","4":"has-post-thumbnail","6":"product_cat-tillbehor","7":"product_shipping_class-tillbehor-mellan-sv","9":"first","10":"instock","11":"sold-individually","12":"shipping-taxable","13":"purchasable","14":"product-type-simple"},"acf":[],"_links":{"self":[{"href":"https:\/\/iglaps.net\/nordwallmarin\/wp-json\/wp\/v2\/product\/2515","targetHints":{"allow":["GET"]}}],"collection":[{"href":"https:\/\/iglaps.net\/nordwallmarin\/wp-json\/wp\/v2\/product"}],"about":[{"href":"https:\/\/iglaps.net\/nordwallmarin\/wp-json\/wp\/v2\/types\/product"}],"replies":[{"embeddable":true,"href":"https:\/\/iglaps.net\/nordwallmarin\/wp-json\/wp\/v2\/comments?post=2515"}],"wp:featuredmedia":[{"embeddable":true,"href":"https:\/\/iglaps.net\/nordwallmarin\/wp-json\/wp\/v2\/media\/1859"}],"wp:attachment":[{"href":"https:\/\/iglaps.net\/nordwallmarin\/wp-json\/wp\/v2\/media?parent=2515"}],"wp:term":[{"taxonomy":"product_brand","embeddable":true,"href":"https:\/\/iglaps.net\/nordwallmarin\/wp-json\/wp\/v2\/product_brand?post=2515"},{"taxonomy":"product_cat","embeddable":true,"href":"https:\/\/iglaps.net\/nordwallmarin\/wp-json\/wp\/v2\/product_cat?post=2515"},{"taxonomy":"product_tag","embeddable":true,"href":"https:\/\/iglaps.net\/nordwallmarin\/wp-json\/wp\/v2\/product_tag?post=2515"}],"curies":[{"name":"wp","href":"https:\/\/api.w.org\/{rel}","templated":true}]}}