{"id":2486,"date":"2026-03-29T10:28:25","date_gmt":"2026-03-29T10:28:25","guid":{"rendered":"https:\/\/iglaps.net\/nordwallmarin\/?post_type=product&#038;p=2486"},"modified":"2026-03-29T10:28:30","modified_gmt":"2026-03-29T10:28:30","slug":"vaxelhus-yamaha-f50-smala-axeln","status":"publish","type":"product","link":"https:\/\/iglaps.net\/nordwallmarin\/product\/vaxelhus-yamaha-f50-smala-axeln\/","title":{"rendered":"V\u00e4xelhus Yamaha F50 smala axeln"},"content":{"rendered":"<p>V\u00e4xelhuset \u00e4r genomg\u00e5nget och defekta delar bytt. Nylackerat. 2000:- tillkommer i stomavgift p\u00e5 ej returnerat utbyteshus<\/p>\n<p>OBS! Ingen garanti p\u00e5 lackjobb<\/p>\n<p>62Y-45300-52-8D<\/p>\n","protected":false},"excerpt":{"rendered":"<p>62Y-45300-52-8D<\/p>\n","protected":false},"featured_media":1857,"comment_status":"open","ping_status":"closed","template":"","meta":{"_acf_changed":false},"product_brand":[],"product_cat":[239],"product_tag":[],"class_list":{"0":"post-2486","1":"product","2":"type-product","3":"status-publish","4":"has-post-thumbnail","6":"product_cat-vaxelhus-yamaha","7":"product_shipping_class-vaxelhus-sv","9":"first","10":"instock","11":"shipping-taxable","12":"purchasable","13":"product-type-simple"},"acf":[],"_links":{"self":[{"href":"https:\/\/iglaps.net\/nordwallmarin\/wp-json\/wp\/v2\/product\/2486","targetHints":{"allow":["GET"]}}],"collection":[{"href":"https:\/\/iglaps.net\/nordwallmarin\/wp-json\/wp\/v2\/product"}],"about":[{"href":"https:\/\/iglaps.net\/nordwallmarin\/wp-json\/wp\/v2\/types\/product"}],"replies":[{"embeddable":true,"href":"https:\/\/iglaps.net\/nordwallmarin\/wp-json\/wp\/v2\/comments?post=2486"}],"wp:featuredmedia":[{"embeddable":true,"href":"https:\/\/iglaps.net\/nordwallmarin\/wp-json\/wp\/v2\/media\/1857"}],"wp:attachment":[{"href":"https:\/\/iglaps.net\/nordwallmarin\/wp-json\/wp\/v2\/media?parent=2486"}],"wp:term":[{"taxonomy":"product_brand","embeddable":true,"href":"https:\/\/iglaps.net\/nordwallmarin\/wp-json\/wp\/v2\/product_brand?post=2486"},{"taxonomy":"product_cat","embeddable":true,"href":"https:\/\/iglaps.net\/nordwallmarin\/wp-json\/wp\/v2\/product_cat?post=2486"},{"taxonomy":"product_tag","embeddable":true,"href":"https:\/\/iglaps.net\/nordwallmarin\/wp-json\/wp\/v2\/product_tag?post=2486"}],"curies":[{"name":"wp","href":"https:\/\/api.w.org\/{rel}","templated":true}]}}