{"id":1434,"date":"2026-02-23T06:58:42","date_gmt":"2026-02-23T06:58:42","guid":{"rendered":"https:\/\/iglaps.net\/nordwallmarin\/?post_type=product&#038;p=1434"},"modified":"2026-03-30T07:35:31","modified_gmt":"2026-03-30T07:35:31","slug":"350hk-v6","status":"publish","type":"product","link":"https:\/\/iglaps.net\/nordwallmarin\/product\/350hk-v6\/","title":{"rendered":"350hk V6"},"content":{"rendered":"<p>Den h\u00e4r motorn handlar om balans \u2013 p\u00e5 det d\u00e4r helt oblyga, \u201dh\u00e5ll min drink\u201d-s\u00e4ttet. Fast med s\u00e5 h\u00e4r starkt vridmoment \u00e4r det nog b\u00e4st att l\u00e5ta n\u00e5gon annan h\u00e5lla drinken. Visst levererar motorn hisnande acceleration och imponerande toppfart, men det \u00e4r kraften p\u00e5 l\u00e5ga varv som g\u00f6r den stora skillnaden och f\u00e5r man\u00f6vreringen att k\u00e4nnas n\u00e4st intill telepatisk. Varje gasp\u00e5drag \u00e4r en indiskret och tydlig p\u00e5minnelse om att du nu \u00e4ger vattnet \u2013 resten av marinan kan inte g\u00f6ra annat \u00e4n att bara se p\u00e5.<\/p>\n","protected":false},"excerpt":{"rendered":"<p>Den h\u00e4r motorn handlar om balans \u2013 p\u00e5 det d\u00e4r helt oblyga, \u201dh\u00e5ll min drink\u201d-s\u00e4ttet. Fast med s\u00e5 h\u00e4r starkt vridmoment \u00e4r det nog b\u00e4st att l\u00e5ta n\u00e5gon annan h\u00e5lla drinken. Visst levererar motorn hisnande acceleration och imponerande toppfart, men det \u00e4r kraften p\u00e5 l\u00e5ga varv som g\u00f6r den stora skillnaden och f\u00e5r man\u00f6vreringen att [&hellip;]<\/p>\n","protected":false},"featured_media":1435,"comment_status":"open","ping_status":"closed","template":"","meta":{"_acf_changed":false},"product_brand":[32],"product_cat":[15],"product_tag":[],"class_list":{"0":"post-1434","1":"product","2":"type-product","3":"status-publish","4":"has-post-thumbnail","6":"product_brand-yamaha","7":"product_cat-uncategorized","9":"first","10":"instock","11":"shipping-taxable","12":"purchasable","13":"product-type-simple"},"acf":[],"_links":{"self":[{"href":"https:\/\/iglaps.net\/nordwallmarin\/wp-json\/wp\/v2\/product\/1434","targetHints":{"allow":["GET"]}}],"collection":[{"href":"https:\/\/iglaps.net\/nordwallmarin\/wp-json\/wp\/v2\/product"}],"about":[{"href":"https:\/\/iglaps.net\/nordwallmarin\/wp-json\/wp\/v2\/types\/product"}],"replies":[{"embeddable":true,"href":"https:\/\/iglaps.net\/nordwallmarin\/wp-json\/wp\/v2\/comments?post=1434"}],"wp:featuredmedia":[{"embeddable":true,"href":"https:\/\/iglaps.net\/nordwallmarin\/wp-json\/wp\/v2\/media\/1435"}],"wp:attachment":[{"href":"https:\/\/iglaps.net\/nordwallmarin\/wp-json\/wp\/v2\/media?parent=1434"}],"wp:term":[{"taxonomy":"product_brand","embeddable":true,"href":"https:\/\/iglaps.net\/nordwallmarin\/wp-json\/wp\/v2\/product_brand?post=1434"},{"taxonomy":"product_cat","embeddable":true,"href":"https:\/\/iglaps.net\/nordwallmarin\/wp-json\/wp\/v2\/product_cat?post=1434"},{"taxonomy":"product_tag","embeddable":true,"href":"https:\/\/iglaps.net\/nordwallmarin\/wp-json\/wp\/v2\/product_tag?post=1434"}],"curies":[{"name":"wp","href":"https:\/\/api.w.org\/{rel}","templated":true}]}}